{"id":508,"date":"2026-02-25T17:27:01","date_gmt":"2026-02-25T16:27:01","guid":{"rendered":"https:\/\/fondation-farm.org\/?page_id=508"},"modified":"2026-02-25T17:27:01","modified_gmt":"2026-02-25T16:27:01","slug":"blocs-disponibles","status":"publish","type":"page","link":"https:\/\/fondation-farm.org\/en\/blocs-disponibles\/","title":{"rendered":"Blocs disponibles"},"content":{"rendered":"<section class=\"texte-image banane\">\n\n            <div class=\"ligne\">\n            <h2>Blocs Disponibles &#8211; Titre de Ma section<\/h2>        <\/div>\n    \n    <div class=\"bloc-main container gauche\">  \n\n\n    \n        <div class=\"colonne texte\">\n\n            <p>Sed orci quam, feugiat nec pulvinar id, rhoncus ut ipsum. Vivamus odio ante, cursus ut quam nec, dignissim aliquet felis. <strong>Vestibulum molestie<\/strong> tellus eget felis placerat, vitae tempus sem sollicitudin. Cras et nulla lorem. Nulla pharetra quam eget orci aliquam malesuada. Praesent ligula nulla, tristique in urna et, elementum faucibus lacus. Quisque ac ultrices diam.<\/p>\n        <\/div>\n\n    <\/div>\n        \n<\/section>\n\n\n\n<section class=\"texte-image pictogrammes vert\">\n\n            <div class=\"ligne\">\n            <span class='sous-titre'>Our action themes<\/span>            <h2>Contribuer \u00e0 l&rsquo;identification et l&rsquo;acc\u00e9l\u00e9ration de solutions pour des agricultures durables autour de :<\/h2>        <\/div>\n    \n    <div class=\"bloc-main container\">  \n\n  \n        <div class=\"ligne display-row\">\n                    \n                                    <div class=\"colonne\">\n                        <span class=\"picto-thematique\"><img loading=\"lazy\" decoding=\"async\" src=\"\" \/><\/span><h3>La s\u00e9curit\u00e9 humaine et alimentaire<\/h3>\n                   <\/div>\n                                    <div class=\"colonne\">\n                        <span class=\"picto-thematique\"><img loading=\"lazy\" decoding=\"async\" src=\"\" \/><\/span><h3>Les syst\u00e8mes de production<\/h3>\n                   <\/div>\n                                    <div class=\"colonne\">\n                        <span class=\"picto-thematique\"><img loading=\"lazy\" decoding=\"async\" src=\"\" \/><\/span><h3>The resilience of rural areas<\/h3>\n                   <\/div>\n                            \n                    <\/div>\n\n                    <div class=\"ligne centre\">\n                <a href=\"https:\/\/farm.arrakis\/\" class=\"bt-plus\">D\u00e9couvrir nos actions<\/a>\n            <\/div>\n        \n    <\/div>\n        \n<\/section>\n\n\n<section class=\"texte-image pictogrammes texte jaune\">\n\n            <div class=\"ligne\">\n            <span class='sous-titre'>Notre mission<\/span>            <h2>Eclairer les d\u00e9cideurs publics et priv\u00e9s pour le d\u00e9veloppement durable des agriculteurs dans le monde<\/h2>        <\/div>\n    \n    <div class=\"bloc-main container\">  \n\n        \n                    <div class=\"ligne centre\">\n                <a href=\"https:\/\/farm.arrakis\/\" class=\"bt-plus\">D\u00e9couvrir nos actions<\/a>\n            <\/div>\n        \n    <\/div>\n        \n<\/section>\n\n\n<section class=\"texte-image pictogrammes texte gris\">\n\n            <div class=\"ligne\">\n            <span class='sous-titre'>Notre Mission<\/span>            <h2>Lorem ipsum dolor sit amet, consectetur adipiscing elit<\/h2>        <\/div>\n    \n    <div class=\"bloc-main container\">  \n\n                <div class=\"contenu\">            \n            <div class=\"colonne\">\n                <h3>Maecenas elementum eleifend risus vel gravida.<\/h3>\n<p><strong>Sed blandit lorem :<\/strong> quis lorem accumsan porta. Suspendisse sed dui a leo feugiat fermentum. Curabitur venenatis sapien lorem, eu egestas eros pulvinar vel. Donec purus turpis, egestas a dictum in, pretium non nulla. Duis sollicitudin aliquet mauris at faucibus. Praesent a tincidunt lorem, eget congue ante.<\/p>\n<p><strong>Class aptent taciti :<\/strong> sociosqu ad litora torquent per conubia nostra, per inceptos himenaeos. Praesent pretium orci eleifend, auctor arcu quis, lobortis velit. Curabitur vehicula leo quis elementum auctor. Duis sit amet nisl quis metus interdum interdum.<\/p>\n<h3>Ut et porttitor mi, vel fermentum risus.<\/h3>\n<p>Phasellus tincidunt fermentum arcu, rutrum commodo ex lacinia non. Sed porttitor erat massa, vel tempus risus auctor ac. Lorem ipsum dolor sit amet, consectetur adipiscing elit. In a lorem non nisl venenatis malesuada. Morbi a lectus lobortis, rutrum lorem iaculis, rutrum dui. Vivamus pellentesque lacus eu pellentesque eleifend.<\/p>\n<h3>Donec iaculis, augue pulvinar rhoncus dictum.<\/h3>\n<p>Ante velit convallis arcu, et pulvinar magna mauris ut odio. Etiam aliquam odio purus, sit amet congue nulla eleifend vel. Aliquam erat volutpat. Nullam sollicitudin sapien tristique, semper nulla et, ornare metus. Fusce cursus fringilla convallis. Fusce vel sem ac ipsum laoreet euismod. Pellentesque habitant morbi tristique senectus et netus et malesuada fames ac turpis egestas. Etiam ac sem eros.<\/p>\n<ul>\n<li>Nunc ut leo eget neque<\/li>\n<li>feugiat tincidunt eu id sapien.<\/li>\n<li>Sed a facilisis ligula.<\/li>\n<\/ul>\n<p>Sed ac pretium nunc, a lobortis libero. Proin viverra purus nec lobortis congue. Duis faucibus mollis augue. Donec semper massa eu lorem ullamcorper, nec scelerisque arcu ullamcorper. Mauris eget aliquam risus. Praesent ut odio vitae nulla iaculis vulputate. Pellentesque sed risus et orci sagittis faucibus eu quis lacus. Aliquam erat volutpat.<\/p>\n            <\/div>           \n        <\/div>\n        \n        \n    <\/div>\n        \n<\/section>\n\n\n\n<section class=\"texte-image colonnes has-media filtrenoir\" style='background: url(https:\/\/fondation-farm.org\/wp-content\/uploads\/2022\/02\/Fotolia_2004390_M-1500x1000.jpg) center center no-repeat;background-size:cover;'>\n\n            <div class=\"ligne colcol\">\n                              <h2>Our means of intervention<\/h2>        <\/div>\n    \n    <div class=\"bloc-main container\">  \n\n  \n        <div class=\"ligne display-row\">\n                    \n                                    <div class=\"colonne\">\n                        <span>\n                            <p style=\"text-align: center;\"><strong>Valorisation de publications et de travaux de recherche<\/strong><\/p>\n                        <\/span>\n                   <\/div>\n                                    <div class=\"colonne\">\n                        <span>\n                            <p style=\"text-align: center;\"><strong>Elaboration et financement d&rsquo;\u00e9tudes<\/strong><\/p>\n                        <\/span>\n                   <\/div>\n                                    <div class=\"colonne\">\n                        <span>\n                            <p style=\"text-align: center;\"><strong>Contribution \u00e0 des projets pilotes ou projets de d\u00e9veloppement<\/strong><\/p>\n                        <\/span>\n                   <\/div>\n                                    <div class=\"colonne\">\n                        <span>\n                            <p style=\"text-align: center;\"><strong>Organisation de colloques, webinaires et s\u00e9minaires<\/strong><\/p>\n                        <\/span>\n                   <\/div>\n                            \n                    <\/div>\n\n    <\/div>\n        \n<\/section>\n\n\n\n<section class=\"texte-image colonnes jaune\" >\n\n            <div class=\"ligne colcol\">\n                              <h2>Our objectives<\/h2>        <\/div>\n    \n    <div class=\"bloc-main container\">  \n\n  \n        <div class=\"ligne display-row\">\n                    \n                                    <div class=\"colonne\">\n                        <span>\n                            <p style=\"text-align: center;\"><strong>Accro\u00eetre la r\u00e9silience des agricultures<\/strong> face aux chocs climatiques, sanitaires, s\u00e9curitaires et \u00e9conomiques<\/p>\n                        <\/span>\n                   <\/div>\n                                    <div class=\"colonne\">\n                        <span>\n                            <p style=\"text-align: center;\"><strong>contribuer \u00e0 l&rsquo;organisation de fili\u00e8res agricoles durables<\/strong> afin de faciliter l&rsquo;acc\u00e8s des agriculteurs aux march\u00e9s<\/p>\n                        <\/span>\n                   <\/div>\n                                    <div class=\"colonne\">\n                        <span>\n                            <p style=\"text-align: center;\"><strong>Promoting public\/private partnerships<\/strong> pour r\u00e9duire l&rsquo;impact environnemental des fili\u00e8res agricoles<\/p>\n                        <\/span>\n                   <\/div>\n                                    <div class=\"colonne\">\n                        <span>\n                            <p style=\"text-align: center;\"><strong>Help develop economic models<\/strong> qui consolident les activit\u00e9s et l&#8217;emploi en milieu rural<\/p>\n                        <\/span>\n                   <\/div>\n                            \n                    <\/div>\n\n    <\/div>\n        \n<\/section>\n\n\n\n<section class=\"texte-image colonnes gris\" >\n\n            <div class=\"ligne colcol\">\n                              <h2>Sur 3 colonnes<\/h2>        <\/div>\n    \n    <div class=\"bloc-main container\">  \n\n  \n        <div class=\"ligne display-row\">\n                    \n                                    <div class=\"colonne\">\n                        <span>\n                            <p style=\"text-align: center;\">Lorem ipsum dolor sit amet, consectetur <strong>adipiscing<\/strong> elit. Maecenas elementum eleifend risus vel gravida. Sed blandit lorem quis lorem accumsan porta.<\/p>\n                        <\/span>\n                   <\/div>\n                                    <div class=\"colonne\">\n                        <span>\n                            <p style=\"text-align: center;\">Suspendisse sed dui a leo feugiat <strong>fermentum<\/strong>. Curabitur venenatis sapien lorem, eu egestas eros pulvinar vel. Donec purus turpis, egestas a dictum in, pretium non nulla.<\/p>\n                        <\/span>\n                   <\/div>\n                                    <div class=\"colonne\">\n                        <span>\n                            <p style=\"text-align: center;\">Duis sollicitudin aliquet mauris at faucibus. <strong>Praesent<\/strong> a tincidunt lorem, eget congue ante.<\/p>\n                        <\/span>\n                   <\/div>\n                            \n                    <\/div>\n\n    <\/div>\n        \n<\/section>\n\n\n<section class=\"bloc-image\">\n\n            \n<\/section>\n\n\n\n<section class=\"texte-image logos  biseau_haut_negatif\">\n\n            <div class=\"ligne mb-0\">\n              <h2>Partenaires<\/h2>        <\/div>\n    \n    <div class=\"bloc-main container\">  \n\n  \n        <div class=\"ligne\">\n                    \n                                    <div class=\"wrapper-logo\">\n                            <a href=\"https:\/\/www.afd.fr\/fr\" target=\"_blank\"><img loading=\"lazy\" decoding=\"async\" src=\"\"><\/a>                   <\/div>\n                                    <div class=\"wrapper-logo\">\n                            <a href=\"https:\/\/www.proparco.fr\/fr\" target=\"_blank\"><img loading=\"lazy\" decoding=\"async\" src=\"\"><\/a>                   <\/div>\n                                    <div class=\"wrapper-logo\">\n                            <a href=\"https:\/\/www.amundi.fr\/fr_part\" target=\"_blank\"><img loading=\"lazy\" decoding=\"async\" src=\"\"><\/a>                   <\/div>\n                            \n                    <\/div>\n\n    <\/div>\n        \n<\/section>\n\n\n<p><\/p>","protected":false},"excerpt":{"rendered":"","protected":false},"author":1,"featured_media":0,"parent":0,"menu_order":0,"comment_status":"closed","ping_status":"closed","template":"","meta":{"_acf_changed":false,"inline_featured_image":false,"footnotes":""},"class_list":["post-508","page","type-page","status-publish","hentry"],"acf":[],"_links":{"self":[{"href":"https:\/\/fondation-farm.org\/en\/wp-json\/wp\/v2\/pages\/508","targetHints":{"allow":["GET"]}}],"collection":[{"href":"https:\/\/fondation-farm.org\/en\/wp-json\/wp\/v2\/pages"}],"about":[{"href":"https:\/\/fondation-farm.org\/en\/wp-json\/wp\/v2\/types\/page"}],"author":[{"embeddable":true,"href":"https:\/\/fondation-farm.org\/en\/wp-json\/wp\/v2\/users\/1"}],"replies":[{"embeddable":true,"href":"https:\/\/fondation-farm.org\/en\/wp-json\/wp\/v2\/comments?post=508"}],"version-history":[{"count":2,"href":"https:\/\/fondation-farm.org\/en\/wp-json\/wp\/v2\/pages\/508\/revisions"}],"predecessor-version":[{"id":37013,"href":"https:\/\/fondation-farm.org\/en\/wp-json\/wp\/v2\/pages\/508\/revisions\/37013"}],"wp:attachment":[{"href":"https:\/\/fondation-farm.org\/en\/wp-json\/wp\/v2\/media?parent=508"}],"curies":[{"name":"wp","href":"https:\/\/api.w.org\/{rel}","templated":true}]}}