{"id":402,"date":"2026-02-25T17:27:02","date_gmt":"2026-02-25T16:27:02","guid":{"rendered":"https:\/\/fondation-farm.org\/?page_id=402"},"modified":"2026-02-25T17:27:02","modified_gmt":"2026-02-25T16:27:02","slug":"lobservatoire","status":"publish","type":"page","link":"https:\/\/fondation-farm.org\/en\/lobservatoire\/","title":{"rendered":"L&rsquo;Observatoire Mondial du Soutien \u00e0 l&rsquo;Agriculture"},"content":{"rendered":"<section class=\"texte-image has-media banane\">\n\n            <div class=\"ligne\">\n            <h2>Pourquoi un Observatoire Mondial <br\/> du soutien \u00e0 l&rsquo;agriculture ?<\/h2>        <\/div>\n    \n    <div class=\"bloc-main container gauche\">  \n\n\n                <div class=\"colonne media\">\n                <div>\n                    <img loading=\"lazy\" decoding=\"async\" width=\"600\" height=\"400\" src=\"https:\/\/fondation-farm.org\/wp-content\/uploads\/2022\/03\/TG529251L-scaled-e1648150976313.jpg\" class=\"attachment-super size-super\" alt=\"\" \/>                <\/div>\n            <\/div>\n            \n        <div class=\"colonne texte\">\n\n            <p style=\"text-align: left;\">L\u2019agriculture et l\u2019alimentation sont au c\u0153ur des 17 Objectifs de d\u00e9veloppement durable (ODD). Ils concernent\u00a0 directement ou indirectement, la production et la consommation de produits agricoles, les revenus et l\u2019emploi ainsi que l&rsquo;impact sur le climat et la biodiversit\u00e9 des fili\u00e8res agroalimentaires. Atteindre ces objectifs implique l&rsquo;engagement fort du secteur priv\u00e9 et de la puissance publique.<\/p>\n<p style=\"text-align: left;\">Cet observatoire permet de suivre, d&rsquo;analyser et de comparer le soutien octroy\u00e9 par les gouvernements \u00e0 l\u2019agriculture et \u00e0 l\u2019alimentation, en termes quantitatifs et qualitatifs.<\/p>\n        <\/div>\n\n    <\/div>\n        \n<\/section>\n\n\n<section class=\"texte-image pictogrammes texte jaune\">\n\n            <div class=\"ligne\">\n            <span class='sous-titre'>Bient\u00f4t en ligne<\/span>            <h2>Pour \u00eatre inform\u00e9 de la date de lancement de l&rsquo;Observatoire, merci de vous inscrire \u00e0 notre newsletter.<\/h2>        <\/div>\n    \n    <div class=\"bloc-main container\">  \n\n                <div class=\"contenu\">            \n            <div class=\"colonne\">\n                <div class=\"ligne centre big-newsletter\"><a class=\"bt-plus\" href=\"#\">M\u2019inscrire<\/a><\/div>\n            <\/div>           \n        <\/div>\n        \n        \n    <\/div>\n        \n<\/section>","protected":false},"excerpt":{"rendered":"","protected":false},"author":2,"featured_media":0,"parent":0,"menu_order":0,"comment_status":"closed","ping_status":"closed","template":"","meta":{"_acf_changed":false,"inline_featured_image":false,"footnotes":""},"class_list":["post-402","page","type-page","status-publish","hentry"],"acf":[],"_links":{"self":[{"href":"https:\/\/fondation-farm.org\/en\/wp-json\/wp\/v2\/pages\/402","targetHints":{"allow":["GET"]}}],"collection":[{"href":"https:\/\/fondation-farm.org\/en\/wp-json\/wp\/v2\/pages"}],"about":[{"href":"https:\/\/fondation-farm.org\/en\/wp-json\/wp\/v2\/types\/page"}],"author":[{"embeddable":true,"href":"https:\/\/fondation-farm.org\/en\/wp-json\/wp\/v2\/users\/2"}],"replies":[{"embeddable":true,"href":"https:\/\/fondation-farm.org\/en\/wp-json\/wp\/v2\/comments?post=402"}],"version-history":[{"count":1,"href":"https:\/\/fondation-farm.org\/en\/wp-json\/wp\/v2\/pages\/402\/revisions"}],"predecessor-version":[{"id":37014,"href":"https:\/\/fondation-farm.org\/en\/wp-json\/wp\/v2\/pages\/402\/revisions\/37014"}],"wp:attachment":[{"href":"https:\/\/fondation-farm.org\/en\/wp-json\/wp\/v2\/media?parent=402"}],"curies":[{"name":"wp","href":"https:\/\/api.w.org\/{rel}","templated":true}]}}