{"id":33478,"date":"2025-07-25T20:05:08","date_gmt":"2025-07-25T18:05:08","guid":{"rendered":"https:\/\/fondation-farm.org\/?page_id=33478"},"modified":"2026-03-04T18:47:02","modified_gmt":"2026-03-04T17:47:02","slug":"espace-medias","status":"publish","type":"page","link":"https:\/\/fondation-farm.org\/en\/espace-medias\/","title":{"rendered":"Espace presse"},"content":{"rendered":"<div class=\"wp-block-cover\" style=\"min-height:300px;aspect-ratio:unset;\"><img loading=\"lazy\" decoding=\"async\" width=\"1336\" height=\"200\" class=\"wp-block-cover__image-background wp-image-35562 size-full\" alt=\"\" src=\"https:\/\/fondation-farm.org\/wp-content\/uploads\/2025\/11\/banniere-actualite-wordpress-1336x200-1.jpg\" data-object-fit=\"cover\" srcset=\"https:\/\/fondation-farm.org\/wp-content\/uploads\/2025\/11\/banniere-actualite-wordpress-1336x200-1.jpg 1336w, https:\/\/fondation-farm.org\/wp-content\/uploads\/2025\/11\/banniere-actualite-wordpress-1336x200-1-300x45.jpg 300w, https:\/\/fondation-farm.org\/wp-content\/uploads\/2025\/11\/banniere-actualite-wordpress-1336x200-1-768x115.jpg 768w, https:\/\/fondation-farm.org\/wp-content\/uploads\/2025\/11\/banniere-actualite-wordpress-1336x200-1-18x3.jpg 18w\" sizes=\"auto, (max-width: 1336px) 100vw, 1336px\" \/><span aria-hidden=\"true\" class=\"wp-block-cover__background has-background-dim\" style=\"background-color:#606b70\"><\/span><div class=\"wp-block-cover__inner-container is-layout-constrained wp-block-cover-is-layout-constrained\">\n<h1 class=\"wp-block-heading has-text-align-center\">Ressources en ligne<\/h1>\n<\/div><\/div>\n\n\n\n<div class=\"accordeons\">\n\n    <div class=\"accordion\">\n        \n            <div class=\"accordion__item\">\n\n                <div class=\"accordion__title\">\n                    <div class=\"accordion__arrow\"><span class=\"accordion__arrow-item\">+<\/span><\/div>\n                    <h3>Communiqu\u00e9s de presse<\/h3>\n\n                <\/div>\n\n                <div class=\"faq_contenu accordion__content\">\n                    <h3>Communiqu\u00e9s<\/h3>\n<ul>\n<li style=\"list-style-type: none\">\n<ul>\n<li><a href=\"https:\/\/fondation-farm.org\/en\/actualite\/renforcement-des-filieres-laitieres-africaines-lappui-attendu-de-la-cooperation-publique-privee\/\" target=\"_blank\" rel=\"noopener\">26 f\u00e9vrier 2025 &#8211; Renforcement des fili\u00e8res laiti\u00e8res africaines : l&rsquo;appui attendu de la coop\u00e9ration publique-priv\u00e9e<\/a><\/li>\n<li><a href=\"https:\/\/fondation-farm.org\/en\/actualite\/repenser-et-redynamiser-la-fertilite-des-sols-une-urgence-pour-la-souverainete-alimentaire-de-lafrique-de-louest\/\" target=\"_blank\" rel=\"noopener\">17 juin 2025 &#8211; Repenser et redynamiser la fertilit\u00e9 des sols : une urgence pour la souverainet\u00e9 alimentaire de l&rsquo;Afrique de l&rsquo;Ouest<\/a><\/li>\n<li><a href=\"https:\/\/fondation-farm.org\/en\/actualite\/15-milliard-de-consommateurs-20-du-cheptel-bovin-et-5-du-lait-mondial-le-paradoxe-africain\/\" target=\"_blank\" rel=\"noopener\">14 octobre 2025 &#8211; 1,5 milliard de consommateurs, 20 du cheptel bovin et 5 du lait mondial le paradoxe africain<\/a><\/li>\n<li><a href=\"https:\/\/fondation-farm.org\/en\/actualite\/projet-aacc-med-adaptation-des-agricultures-au-changement-climatique-en-mediterranee\/\" target=\"_blank\" rel=\"noopener\">6 novembre 2025 &#8211; Projet AACC-Med : Adaptation des agricultures au changement climatique en M\u00e9diterran\u00e9e<\/a><\/li>\n<li><a href=\"https:\/\/fondation-farm.org\/en\/actualite\/la-chercheuse-malgache-santatra-ravelomanantsoa-laureate-du-prix-2026-de-la-fondation-farm\/\" target=\"_blank\" rel=\"noopener\">17 f\u00e9vrier 2026 &#8211; La chercheuse malgache Santatra Ravelomanantsoa, laur\u00e9ate du Prix 2026 de la Fondation FARM<\/a><\/li>\n<li><a href=\"https:\/\/fondation-farm.org\/en\/actualite\/il-est-urgent-dagir-collectivement-pour-transformer-les-pratiques-de-protection-des-cultures\/\" target=\"_blank\" rel=\"noopener\">18 f\u00e9vrier 2026 &#8211; Il est urgent d&rsquo;agir collectivement pour transformer les pratiques de protection des cultures<\/a><\/li>\n<li><a href=\"https:\/\/fondation-farm.org\/en\/actualite\/nouveau-partenariat-pour-renforcer-les-systemes-dappui-au-developpement-agricole-en-afrique\/\" target=\"_blank\" rel=\"noopener\">2 mars 2026 &#8211; Nouveau partenariat pour renforcer les syst\u00e8mes d\u2019appui au d\u00e9veloppement agricole en Afrique<\/a><\/li>\n<\/ul>\n<\/li>\n<\/ul>\n<p>&nbsp;<\/p>\n                <\/div>\n\n            <\/div>\n\n\n\n            \n            <div class=\"accordion__item\">\n\n                <div class=\"accordion__title\">\n                    <div class=\"accordion__arrow\"><span class=\"accordion__arrow-item\">+<\/span><\/div>\n                    <h3>Outils en ligne et documents d&rsquo;orientation<\/h3>\n\n                <\/div>\n\n                <div class=\"faq_contenu accordion__content\">\n                    <ul>\n<li><strong><a href=\"https:\/\/fondation-farm.org\/en\/observatoire\/accueil\/\" target=\"_blank\" rel=\"noopener\">Observatoire mondial des soutiens public \u00e0 l&rsquo;agriculture<\/a><\/strong><\/li>\n<li><strong><a href=\"https:\/\/fondation-farm.org\/en\/projet\/aaccmed-carte-adaptation\/\" target=\"_blank\" rel=\"noopener\">Carte des initiatives d\u2019adaptation des agricultures au changement climatique<\/a><\/strong><\/li>\n<li><strong><a href=\"https:\/\/fondation-farm.org\/wp-content\/uploads\/2025\/10\/barometre-2025-des-agricultures-africaines-la-chaine-de-valeur-laitiere-fondation-farm.pdf\" target=\"_blank\" rel=\"noopener\">African Agriculture Barometer<\/a><\/strong><\/li>\n<\/ul>\n                <\/div>\n\n            <\/div>\n\n\n\n            \n            <div class=\"accordion__item\">\n\n                <div class=\"accordion__title\">\n                    <div class=\"accordion__arrow\"><span class=\"accordion__arrow-item\">+<\/span><\/div>\n                    <h3>Rapports d&rsquo;activit\u00e9<\/h3>\n\n                <\/div>\n\n                <div class=\"faq_contenu accordion__content\">\n                    <ul>\n<li><a href=\"https:\/\/fondation-farm.org\/wp-content\/uploads\/2025\/07\/Rapport-dactivite-2024-de-la-Fondation-FARM.pdf\" target=\"_blank\" rel=\"noopener\">Rapport d&rsquo;activit\u00e9 2024<\/a><\/li>\n<li><a href=\"http:\/\/farm-rapport-dactivite-2023-wp-livre.pdf\" target=\"_blank\" rel=\"noopener\">Rapport d&rsquo;activit\u00e9 2023<\/a><\/li>\n<\/ul>\n                <\/div>\n\n            <\/div>\n\n\n\n            \n            <\/div>\n<\/div>\n\n\n\n\n<hr class=\"wp-block-separator has-text-color has-white-color has-alpha-channel-opacity has-white-background-color has-background\"\/>\n\n\n\n\n<section class=\"texte-image gris\">\n\n            <div class=\"ligne\">\n            <h2>Relations presse &#8211; L&rsquo;Agence de Marie-Laure<\/h2>        <\/div>\n    \n    <div class=\"bloc-main container gauche\">  \n\n\n    \n        <div class=\"colonne texte\">\n\n            <p><strong>Marie-Laure Hustache<\/strong><br \/>\n06 69 25 04 42<br \/>\nlagencedemarielaure@gmail.com<\/p>\n<p>LinkedIn : https:\/\/www.linkedin.com\/company\/lagencedemarielaure\/<\/p>\n<p><strong>Vincent Manesse<\/strong><br \/>\n<span class=\"_pe_N2 PersonaPaneLauncher\" role=\"presentation\"><span class=\"_pe_l\"><span class=\"bidi allowTextSelection\" aria-label=\"De Vincent Manesse &lt;vince.manesse@gmail.com&gt;. Appuyez sur la touche Entr\u00e9e pour ouvrir la carte de visite.\">vince.manesse@gmail.com<\/span><\/span><\/span><\/p>\n        <\/div>\n\n    <\/div>\n        \n<\/section>\n\n\n\n<section class=\"texte-image pictogrammes vert\">\n\n            <div class=\"ligne\">\n            <span class='sous-titre'>Ressources hors ligne<\/span>            <h2>Kits de communication et documents print<\/h2>        <\/div>\n    \n    <div class=\"bloc-main container\">  \n\n  \n        <div class=\"ligne display-row\">\n                    \n                                    <div class=\"colonne\">\n                        <span class=\"picto-thematique\"><img loading=\"lazy\" decoding=\"async\" src=\"https:\/\/fondation-farm.org\/wp-content\/uploads\/2025\/03\/Icon-Conference-FARM-3.png\" \/><\/span><h3>contact@fondation-farm.org<\/h3>\n                   <\/div>\n                            \n                    <\/div>\n\n        \n    <\/div>\n        \n<\/section>\n\n\n\n<section class=\"texte-image logos feuille-before\">\n\n            <div class=\"ligne mb-0\">\n              <h2>R\u00e9seaux sociaux<\/h2>        <\/div>\n    \n    <div class=\"bloc-main container\">  \n\n  \n        <div class=\"ligne\">\n                    \n                                    <div class=\"wrapper-logo\">\n                            <a href=\"https:\/\/www.linkedin.com\/company\/fondation-farm\/\" target=\"_blank\"><img loading=\"lazy\" decoding=\"async\" src=\"https:\/\/fondation-farm.org\/wp-content\/uploads\/2025\/07\/logo-linkedin-siteinternet.jpg\"><\/a>                   <\/div>\n                                    <div class=\"wrapper-logo\">\n                            <a href=\"https:\/\/www.facebook.com\/fondationfarm\" target=\"_blank\"><img loading=\"lazy\" decoding=\"async\" src=\"https:\/\/fondation-farm.org\/wp-content\/uploads\/2025\/07\/logo-facebook-siteinternet.jpg\"><\/a>                   <\/div>\n                                    <div class=\"wrapper-logo\">\n                            <a href=\"https:\/\/www.youtube.com\/@fondationfarm405\" target=\"_blank\"><img loading=\"lazy\" decoding=\"async\" src=\"https:\/\/fondation-farm.org\/wp-content\/uploads\/2025\/11\/icone-youtube-75x75-2.png\"><\/a>                   <\/div>\n                                    <div class=\"wrapper-logo\">\n                            <a href=\"https:\/\/x.com\/FondationFARM\" target=\"_blank\"><img loading=\"lazy\" decoding=\"async\" src=\"https:\/\/fondation-farm.org\/wp-content\/uploads\/2025\/11\/icone-twitter-75x75-2.png\"><\/a>                   <\/div>\n                            \n                    <\/div>\n\n    <\/div>\n        \n<\/section>","protected":false},"excerpt":{"rendered":"","protected":false},"author":4,"featured_media":0,"parent":0,"menu_order":0,"comment_status":"closed","ping_status":"closed","template":"","meta":{"_acf_changed":false,"inline_featured_image":false,"footnotes":""},"class_list":["post-33478","page","type-page","status-publish","hentry"],"acf":[],"_links":{"self":[{"href":"https:\/\/fondation-farm.org\/en\/wp-json\/wp\/v2\/pages\/33478","targetHints":{"allow":["GET"]}}],"collection":[{"href":"https:\/\/fondation-farm.org\/en\/wp-json\/wp\/v2\/pages"}],"about":[{"href":"https:\/\/fondation-farm.org\/en\/wp-json\/wp\/v2\/types\/page"}],"author":[{"embeddable":true,"href":"https:\/\/fondation-farm.org\/en\/wp-json\/wp\/v2\/users\/4"}],"replies":[{"embeddable":true,"href":"https:\/\/fondation-farm.org\/en\/wp-json\/wp\/v2\/comments?post=33478"}],"version-history":[{"count":110,"href":"https:\/\/fondation-farm.org\/en\/wp-json\/wp\/v2\/pages\/33478\/revisions"}],"predecessor-version":[{"id":37201,"href":"https:\/\/fondation-farm.org\/en\/wp-json\/wp\/v2\/pages\/33478\/revisions\/37201"}],"wp:attachment":[{"href":"https:\/\/fondation-farm.org\/en\/wp-json\/wp\/v2\/media?parent=33478"}],"curies":[{"name":"wp","href":"https:\/\/api.w.org\/{rel}","templated":true}]}}