{"id":17,"date":"2026-02-25T17:27:01","date_gmt":"2026-02-25T16:27:01","guid":{"rendered":"https:\/\/fondation-farm.org\/?page_id=17"},"modified":"2026-02-26T01:47:00","modified_gmt":"2026-02-26T00:47:00","slug":"accueil","status":"publish","type":"page","link":"https:\/\/fondation-farm.org\/en\/","title":{"rendered":"Welcome"},"content":{"rendered":"<section class=\"block-2-col has-media blanc\">\n\n    <div class=\"bloc-main container gauche\">\n\n                <div class=\"media m-negatif\">\n                <div>\n                    <img loading=\"lazy\" decoding=\"async\" width=\"600\" height=\"540\" src=\"https:\/\/fondation-farm.org\/wp-content\/uploads\/2024\/07\/Paysans-africains-tetes-baissees.jpg\" class=\"attachment-super size-super\" alt=\"\" srcset=\"https:\/\/fondation-farm.org\/wp-content\/uploads\/2024\/07\/Paysans-africains-tetes-baissees.jpg 600w, https:\/\/fondation-farm.org\/wp-content\/uploads\/2024\/07\/Paysans-africains-tetes-baissees-300x270.jpg 300w\" sizes=\"auto, (max-width: 600px) 100vw, 600px\" \/>                <\/div>\n            <\/div>\n            \n            <div class=\"trapeze\">\n            \n            <h2>ACTION THEMES<\/h2>            <p>Founded in 2005, the Foundation for Agriculture and Rurality in the World (FARM) aims to inform decision-makers in countries of the South and North, public and economic actors, on strategic issues such as:<\/p>\n\n                            <ul>\n                                            <li><span class=\"picto-thematique\"><img loading=\"lazy\" decoding=\"async\" src=\"\" \/><\/span><h3>The sectors, from producers to markets <\/h3><\/li>\n                                            <li><span class=\"picto-thematique\"><img loading=\"lazy\" decoding=\"async\" src=\"\" \/><\/span><h3>Food and nutrition security <\/h3><\/li>\n                                            <li><span class=\"picto-thematique\"><img loading=\"lazy\" decoding=\"async\" src=\"\" \/><\/span><h3>The resilience of rural areas <\/h3><\/li>\n                                        <\/ul>\n                            <\/div>\n\n        <\/div>\n            <\/div>\n    \n\n                    <div class=\"centre mb\">\n            <a href=\"https:\/\/fondation-farm.org\/en\/la-fondation\/\" class=\"bt-plus\">Learn more about the Foundation<\/a>\n        <\/div>\n                    \n<\/section>\n\n\r\n\r\n<section class=\"bloc-2-col\">\r\n\r\n\r\n\r\n\r\n\r\n\r\n\r\n\r\n\r\n\r\n<\/section>\r\n\n\n\n<section class=\"publi fond-jaune\">\n\n    <div class=\"container\">\n                        <div class=\"centre\">\n                <h2>PUBLICATIONS<\/h2>\n            <\/div>\n            \n                            <div class=\"actualites carousel_actus\">\n                                    <div class=\"actualite gauche\">\n                        <div class=\"categorie\"> <span>26\/01\/2026<\/span><\/div>\n                        <h3>Soutien des prix du march\u00e9 (SPM) : soutenir les agriculteurs sans p\u00e9naliser les consommateurs, un \u00e9quilibre impossible ?<\/h3>\n\n                                                    <p>Le Soutien des prix du march\u00e9 (SPM), \u00a0canal non budg\u00e9taire des soutiens publics agricoles, r\u00e9v\u00e8le des arbitrages majeurs. Entre soutien aux producteurs et protection des consommateurs, il dessine un monde agricole profond\u00e9ment in\u00e9gal, o\u00f9 les prix favorisent certains et taxent les autres.<\/p>                                                <a href=\"https:\/\/fondation-farm.org\/en\/du-champ-a-lassiette-le-soutien-des-prix-du-marche-spm-entre-revenus-agricoles-et-pouvoir-dachat\/\" class=\"plus\"><\/a>\n\n                    <\/div>\n                                    <div class=\"actualite droite\">\n                        <div class=\"categorie\"> <span>24\/10\/2025<\/span><\/div>\n                        <h3>Removal of Chinese customs duties: what opportunities for North African agricultural exports?<\/h3>\n\n                                                    <p>In a reversal of US protectionist tendencies, China has recently made a major gesture of openness towards African exports. At the China-Africa Economic and Trade Expo in June 2025, Beijing announced the complete elimination of tariffs on imports from 53 African countries. <\/p>                                                <a href=\"https:\/\/fondation-farm.org\/en\/suppression-des-droits-de-douanes-chinois-quelles-opportunites-pour-les-exportations-agricoles-nord-africaines\/\" class=\"plus\"><\/a>\n\n                    <\/div>\n                                    <div class=\"actualite gauche\">\n                        <div class=\"categorie\"> <span>22\/09\/2025<\/span><\/div>\n                        <h3>North Africa\u2013United States: Key figures for a changing trade<\/h3>\n\n                                                    <p>After an analysis devoted to the overall dynamics of North African agricultural exports showing strong growth and the importance of the European outlet, FARM has been exploring trade with the United States since 2012.<\/p>                                                <a href=\"https:\/\/fondation-farm.org\/en\/exportations-nord-africaines-face-aux-nouveaux-tarifs-douaniers-americains-enjeux-et-perspectives\/\" class=\"plus\"><\/a>\n\n                    <\/div>\n                                <\/div>\n            \n    <\/div>\n\n    <div class=\"centre\">\n        <a href=\"\/en\/publications\/\" class=\"bt-plus\">See all publications<\/a>\n    <\/div>\n\n<\/section>\n\n\n\n\n<section class=\"block-2-col has-media blanc\">\n\n    <div class=\"bloc-main container droite\">\n\n                <div class=\"media\">\n                <div>\n                    <img loading=\"lazy\" decoding=\"async\" width=\"1500\" height=\"1124\" src=\"https:\/\/fondation-farm.org\/wp-content\/uploads\/2022\/09\/ivan-bandura-HbWgPv0zZ_o-unsplash-1500x1124.jpg\" class=\"attachment-super size-super\" alt=\"\" srcset=\"https:\/\/fondation-farm.org\/wp-content\/uploads\/2022\/09\/ivan-bandura-HbWgPv0zZ_o-unsplash-1500x1124.jpg 1500w, https:\/\/fondation-farm.org\/wp-content\/uploads\/2022\/09\/ivan-bandura-HbWgPv0zZ_o-unsplash-300x225.jpg 300w, https:\/\/fondation-farm.org\/wp-content\/uploads\/2022\/09\/ivan-bandura-HbWgPv0zZ_o-unsplash-1024x767.jpg 1024w, https:\/\/fondation-farm.org\/wp-content\/uploads\/2022\/09\/ivan-bandura-HbWgPv0zZ_o-unsplash-768x576.jpg 768w, https:\/\/fondation-farm.org\/wp-content\/uploads\/2022\/09\/ivan-bandura-HbWgPv0zZ_o-unsplash-1536x1151.jpg 1536w, https:\/\/fondation-farm.org\/wp-content\/uploads\/2022\/09\/ivan-bandura-HbWgPv0zZ_o-unsplash.jpg 1920w\" sizes=\"auto, (max-width: 1500px) 100vw, 1500px\" \/>                <\/div>\n            <\/div>\n            \n        <div class=\"trapeze\">\n            <h2>EXAMPLES OF PROJECTS<\/h2>            <p>THE <strong>Barometer<\/strong> des agricultures africaines ;<\/p>\n<p>The AACC-Med project: <strong>adaptation<\/strong> from agriculture to <strong>climate change in the Mediterranean<\/strong>.<\/p>\n        <\/div>\n\n    <\/div>\n\n                    <div class=\"centre mt\">\n            <a href=\"https:\/\/fondation-farm.org\/en\/projet\/\" class=\"bt-plus\">See the projects<\/a>\n        <\/div>\n                    \n<\/section>\n\n\n<section class=\"fond-jaune\">\n\n    <div class=\"container\">\n                        <div class=\"centre\">\n                <h2>Media and Resources<\/h2>\n            <\/div>\n            \n                            <div class=\"actualites carousel_actus\">\n                                    <div class=\"actualite gauche\">\n                        <div class=\"categorie\"> <span>27\/01\/2026<\/span><\/div>\n                        <h3>Conf\u00e9rence FARM 2026 &#8211; Repenser la protection des cultures : agir collectivement pour le vivant<\/h3>\n\n                                                    <p>La Fondation FARM organise sa 15\u1d49 Conf\u00e9rence internationale le mardi 17 f\u00e9vrier 2026 intitul\u00e9e \u00ab\u00a0Repenser la protection des cultures : agir collectivement pour le vivant\u00a0\u00bb, \u00e0 la Cit\u00e9 Internationale Universitaire de Paris. <\/p>                                                <a href=\"https:\/\/fondation-farm.org\/en\/actualite\/conferencefarm2026\/\" class=\"plus\"><\/a>\n\n                    <\/div>\n                                    <div class=\"actualite droite\">\n                        <div class=\"categorie\"> <span>06\/01\/2026<\/span><\/div>\n                        <h3>Nomination\u00a0: FARM accueille un nouveau pr\u00e9sident du Conseil scientifique<\/h3>\n\n                                                    <p>Nomm\u00e9 par le Conseil d\u2019administration, Christian Huyghe devient pr\u00e9sident du Conseil scientifique de FARM \u00e0 partir du 1er janvier 2026.<\/p>                                                <a href=\"https:\/\/fondation-farm.org\/en\/actualite\/nomination-farm-accueille-un-nouveau-president-du-conseil-scientifique\/\" class=\"plus\"><\/a>\n\n                    <\/div>\n                                    <div class=\"actualite gauche\">\n                        <div class=\"categorie\"> <span>06\/01\/2026<\/span><\/div>\n                        <h3>La Fondation FARM vous souhaite une tr\u00e8s belle ann\u00e9e 2026 !<\/h3>\n\n                                                    <p>Cette ann\u00e9e, la Fondation f\u00eatera 20 ans d\u2019engagements en faveur des agricultures durables, solidaires et r\u00e9silientes\u00a0: l\u2019ann\u00e9e sera ponctu\u00e9e de nombreux temps forts \u00e0 ne pas manquer\u00a0!<\/p>                                                <a href=\"https:\/\/fondation-farm.org\/en\/actualite\/la-fondation-farm-vous-souhaite-une-tres-belle-annee-2026\/\" class=\"plus\"><\/a>\n\n                    <\/div>\n                                <\/div>\n            \n    <\/div>\n\n    <div class=\"centre\">\n        <a href=\"\/en\/actualite\/\" class=\"bt-plus\">See all news<\/a>\n    <\/div>\n\n<\/section>\n\n\n\n\n\n\n<section class=\"texte-image blanc\">\n\n    \n    <div class=\"bloc-main container gauche\">  \n\n\n    \n        <div class=\"colonne texte\">\n\n                    <\/div>\n\n    <\/div>\n        \n<\/section>\n\n\n\n\n<div class=\"wp-block-buttons is-layout-flex wp-block-buttons-is-layout-flex\"><\/div>","protected":false},"excerpt":{"rendered":"","protected":false},"author":1,"featured_media":0,"parent":0,"menu_order":0,"comment_status":"closed","ping_status":"closed","template":"templates\/page-home.php","meta":{"_acf_changed":false,"inline_featured_image":false,"footnotes":""},"class_list":["post-17","page","type-page","status-publish","hentry"],"acf":[],"_links":{"self":[{"href":"https:\/\/fondation-farm.org\/en\/wp-json\/wp\/v2\/pages\/17","targetHints":{"allow":["GET"]}}],"collection":[{"href":"https:\/\/fondation-farm.org\/en\/wp-json\/wp\/v2\/pages"}],"about":[{"href":"https:\/\/fondation-farm.org\/en\/wp-json\/wp\/v2\/types\/page"}],"author":[{"embeddable":true,"href":"https:\/\/fondation-farm.org\/en\/wp-json\/wp\/v2\/users\/1"}],"replies":[{"embeddable":true,"href":"https:\/\/fondation-farm.org\/en\/wp-json\/wp\/v2\/comments?post=17"}],"version-history":[{"count":372,"href":"https:\/\/fondation-farm.org\/en\/wp-json\/wp\/v2\/pages\/17\/revisions"}],"predecessor-version":[{"id":37021,"href":"https:\/\/fondation-farm.org\/en\/wp-json\/wp\/v2\/pages\/17\/revisions\/37021"}],"wp:attachment":[{"href":"https:\/\/fondation-farm.org\/en\/wp-json\/wp\/v2\/media?parent=17"}],"curies":[{"name":"wp","href":"https:\/\/api.w.org\/{rel}","templated":true}]}}